{"id":17,"date":"2021-12-15T11:52:16","date_gmt":"2021-12-15T11:52:16","guid":{"rendered":"https:\/\/rezervasyon.lordmarina.com\/?page_id=17"},"modified":"2024-10-18T10:49:53","modified_gmt":"2024-10-18T07:49:53","slug":"gizlilik-ve-guvenlik-politikasi","status":"publish","type":"page","link":"https:\/\/reservation.eftaliahotels.com\/ru\/gizlilik-ve-guvenlik-politikasi\/","title":{"rendered":"\u041f\u041e\u041b\u0418\u0422\u0418\u041a\u0410 \u041a\u041e\u041d\u0424\u0418\u0414\u0415\u041d\u0426\u0418\u0410\u041b\u042c\u041d\u041e\u0421\u0422\u0418 \u0418 \u0411\u0415\u0417\u041e\u041f\u0410\u0421\u041d\u041e\u0421\u0422\u0418"},"content":{"rendered":"<h5>1.TARAFLAR<\/h5>\n<p>Online Rezervasyon Mod\u00fcl\u00fcn\u00fc kullanarak, Otel ya da acentelere gelerek konaklama hizmeti sat\u0131n alan ki\u015fi\/ki\u015filer (Bundan b\u00f6yle \u201cM\u00dc\u015eTER\u0130\u201d olarak an\u0131lacakt\u0131r.) A\u015fa\u011f\u0131da yer alan kurallara uymay\u0131 kabul etmektedir.<\/p>\n<p>&nbsp;<\/p>\n<h5>2.S\u00d6ZLE\u015eMEN\u0130N KONUSU VE H\u0130ZMET\u0130N KAPSAMI<\/h5>\n<p>M\u00dc\u015eTER\u0130\u2019nin sat\u0131n ald\u0131\u011f\u0131 hizmet ve hizmetin kapsam\u0131 kendisine i\u015fbu sat\u0131\u015f kurallar\u0131 ile birlikte teslim edilen voucher da (otele giri\u015f belgesi) ve bro\u015f\u00fcrde belirtilmektedir.<\/p>\n<p>&nbsp;<\/p>\n<h5>3.TARAFLARIN HAK VE Y\u00dcK\u00dcML\u00dcL\u00dcKLER\u0130<\/h5>\n<p><b>a.<\/b>\u00a0M\u00dc\u015eTER\u0130, sat\u0131n ald\u0131\u011f\u0131 hizmetin niteliklerini i\u00e7eren bro\u015f\u00fcr\u00fc okuyup bilgi sahibi oldu\u011funu kabul etmektedir.<\/p>\n<p>&nbsp;<\/p>\n<p><b>b.<\/b>\u00a0M\u00dc\u015eTER\u0130, kendisi ile beraber seyahate kat\u0131lacak olan di\u011fer ki\u015filer ad\u0131na da i\u015f bu konaklama sat\u0131\u015f kurallar\u0131n\u0131 kabul etti\u011fini ve bu an\u0131lan ki\u015filerin ad-soyad, tc kimlik no, kredi kart\u0131 gibi seyahate kat\u0131lmas\u0131n\u0131 sa\u011flayacak olan bilgilerini do\u011fru vermekle y\u00fck\u00fcml\u00fc oldu\u011funu, kendisine yap\u0131lan \u00f6n bilgilendirme ve bro\u015f\u00fcr kapsam\u0131 hakk\u0131nda di\u011fer kat\u0131l\u0131mc\u0131lara da bilgi vermekle y\u00fck\u00fcml\u00fc ve sorumlu oldu\u011funu, kendisine verilen bro\u015f\u00fcr\u00fcn kat\u0131l\u0131mc\u0131lara da verilmi\u015f say\u0131ld\u0131\u011f\u0131n\u0131 kabul etmektedir. Bu kapsamda \u00e7\u0131kacak herhangi bir ihtilafta s\u00f6zle\u015fmenin taraf\u0131 olan m\u00fc\u015fteri yasal sorumlu oldu\u011funu gayri kabili kabul, beyan ve taahh\u00fct eder.<\/p>\n<p>&nbsp;<\/p>\n<p><b>c.<\/b>\u00a0M\u00dc\u015eTER\u0130, bagaj ve i\u00e7eri\u011fi ile ilgili her t\u00fcrl\u00fc sorumlulu\u011fun kendisine ait oldu\u011funu; yan\u0131nda bulunan e\u015fyalar\u0131 takip ve kontrol etmekle y\u00fck\u00fcml\u00fc oldu\u011funu, kaybolan, h\u0131rs\u0131zl\u0131k konusu olan, zayi olan e\u015fyalardan OTEL\u2019in ve\/veya \u00e7al\u0131\u015fanlar\u0131n\u0131n hukuki ve\/veya cezai hi\u00e7bir sorumlulu\u011funun bulunmad\u0131\u011f\u0131n\u0131, belirtilen nedenlerle OTEL\u2019e ve\/veya OTEL \u00e7al\u0131\u015fanlar\u0131na kar\u015f\u0131 talepte bulunmayaca\u011f\u0131n\u0131 kabul eder.<\/p>\n<p>&nbsp;<\/p>\n<p><b>d.<\/b>\u00a0M\u00fc\u015fteri imzas\u0131 ile konaklayaca\u011f\u0131 tesisin tabi oldu\u011fu yasa ve team\u00fcllere uymakla y\u00fck\u00fcml\u00fc oldu\u011funu; tesis yetkililerince sat\u0131n al\u0131nan hizmetle ilgili olarak bildirilen kurallara uyaca\u011f\u0131n\u0131, \u00fc\u00e7\u00fcnc\u00fc ki\u015filerin can ve mal g\u00fcvenli\u011fini\/b\u00fct\u00fcnl\u00fc\u011f\u00fcn\u00fc tehlikeye atmayaca\u011f\u0131n\u0131 ve \u00fc\u00e7\u00fcnc\u00fc ki\u015filerin can ve mal g\u00fcvenli\u011fini\/b\u00fct\u00fcnl\u00fc\u011f\u00fcn\u00fc tehlikeye atmas\u0131 halinde do\u011fabilecek maddi\/manevi, hukuki\/cezai t\u00fcm zararlardan \u015fahsen ve birinci derecede sorumlu olaca\u011f\u0131n\u0131, aksi halde OTEL\u2019in s\u00f6z konusu hizmeti ifa etmeyece\u011fini ve bu nedenle M\u00dc\u015eTER\u0130\u2019nin iade hakk\u0131n\u0131n bulunmad\u0131\u011f\u0131n\u0131 kabul etmektedir.<\/p>\n<p>&nbsp;<\/p>\n<p><b>e.<\/b>\u00a0M\u00dc\u015eTER\u0130 sat\u0131n ald\u0131\u011f\u0131 konaklama hizmetinin kapsam\u0131 d\u0131\u015f\u0131nda alaca\u011f\u0131 ekstra yiyecek-i\u00e7ecek, ki\u015fisel harcamalar ve tan\u0131ml\u0131 hizmet d\u0131\u015f\u0131 t\u00fcm mal ve hizmetlerin bedelinin kendisi taraf\u0131ndan \u00f6denece\u011fini kabul etmektedir.<\/p>\n<p>&nbsp;<\/p>\n<p><b>f.<\/b>\u00a0\u0130fa edilen hizmetin ay\u0131pl\u0131 oldu\u011fundan bahisle hizmeti kullanmay\u0131 sonland\u0131rmas\u0131 halinde i\u015f birli\u011fi yapma ve \u00f6zenli davranma borcu gere\u011fi OTEL yetkilisine ve konaklad\u0131\u011f\u0131 otele sona erme sebeplerini yaz\u0131l\u0131 olarak bildirece\u011fini, aksi halde hizmeti al\u0131p kullanm\u0131\u015f addolunaca\u011f\u0131n\u0131 kabul eder.<\/p>\n<p>&nbsp;<\/p>\n<p><b>g.<\/b>\u00a0M\u00dc\u015eTER\u0130\u2019nin kusuru, \u00fc\u00e7\u00fcnc\u00fc bir ki\u015finin beklenmeyen ve \u00f6nlenemez bir davran\u0131\u015f\u0131, m\u00fccbir sebep (olumsuz hava ko\u015fullar\u0131, yol engeli, grev, ter\u00f6r, sis, sava\u015f ihtimali, \u00f6ng\u00f6r\u00fclemez teknik hususlar vb.) gibi durumlarda; OTEL\u2019in\/acentesinin\/ba\u011f\u0131ms\u0131z hizmet sa\u011flay\u0131c\u0131s\u0131n\u0131n gereken t\u00fcm \u00f6zeni g\u00f6sterdi\u011fi halde \u00f6ng\u00f6r\u00fclemeyen ve engellenemeyen bir olay\u0131n meydana gelmesi hallerinde M\u00dc\u015eTER\u0130\u2019nin tazminat hakk\u0131 do\u011fmayacakt\u0131r.<\/p>\n<p>&nbsp;<\/p>\n<p><b>h.<\/b>\u00a0\u0130\u015fbu s\u00f6zle\u015fmeye konu hizmetin ifas\u0131ndan sonra M\u00dc\u015eTER\u0130\u2019nin konaklama bedelini \u00f6demek i\u00e7in kulland\u0131\u011f\u0131 kredi kart\u0131n\u0131n OTEL\u2019in kusurundan kaynaklanmayan bir \u015fekilde yetkisiz ki\u015filerce haks\u0131z ve hukuka ayk\u0131r\u0131 olarak kullan\u0131lmas\u0131 iddias\u0131 ile ilgili banka veya finans kurulu\u015funun hizmet bedelini OTEL\u2019e \u00f6dememesi halinde M\u00dc\u015eTER\u0130, itiraz edilen hizmet bedelinden ve her t\u00fcrl\u00fc zarardan rezervasyon tarihinden itibaren i\u015fleyecek yasal faizi ile birlikte sorumlu olacakt\u0131r.<\/p>\n","protected":false},"excerpt":{"rendered":"<p>1.TARAFLAR Online Rezervasyon Mod\u00fcl\u00fcn\u00fc kullanarak, Otel ya da acentelere gelerek konaklama hizmeti sat\u0131n alan ki\u015fi\/ki\u015filer (Bundan b\u00f6yle \u201cM\u00dc\u015eTER\u0130\u201d olarak an\u0131lacakt\u0131r.) A\u015fa\u011f\u0131da yer alan kurallara uymay\u0131 kabul etmektedir. &nbsp; 2.S\u00d6ZLE\u015eMEN\u0130N KONUSU VE H\u0130ZMET\u0130N KAPSAMI M\u00dc\u015eTER\u0130\u2019nin sat\u0131n ald\u0131\u011f\u0131 hizmet ve hizmetin kapsam\u0131 kendisine i\u015fbu sat\u0131\u015f kurallar\u0131 ile birlikte teslim edilen voucher da (otele giri\u015f belgesi) ve bro\u015f\u00fcrde [&hellip;]<\/p>\n","protected":false},"author":1,"featured_media":0,"parent":0,"menu_order":0,"comment_status":"closed","ping_status":"closed","template":"","meta":{"footnotes":""},"class_list":["post-17","page","type-page","status-publish","hentry"],"_links":{"self":[{"href":"https:\/\/reservation.eftaliahotels.com\/ru\/wp-json\/wp\/v2\/pages\/17","targetHints":{"allow":["GET"]}}],"collection":[{"href":"https:\/\/reservation.eftaliahotels.com\/ru\/wp-json\/wp\/v2\/pages"}],"about":[{"href":"https:\/\/reservation.eftaliahotels.com\/ru\/wp-json\/wp\/v2\/types\/page"}],"author":[{"embeddable":true,"href":"https:\/\/reservation.eftaliahotels.com\/ru\/wp-json\/wp\/v2\/users\/1"}],"replies":[{"embeddable":true,"href":"https:\/\/reservation.eftaliahotels.com\/ru\/wp-json\/wp\/v2\/comments?post=17"}],"version-history":[{"count":3,"href":"https:\/\/reservation.eftaliahotels.com\/ru\/wp-json\/wp\/v2\/pages\/17\/revisions"}],"predecessor-version":[{"id":137,"href":"https:\/\/reservation.eftaliahotels.com\/ru\/wp-json\/wp\/v2\/pages\/17\/revisions\/137"}],"wp:attachment":[{"href":"https:\/\/reservation.eftaliahotels.com\/ru\/wp-json\/wp\/v2\/media?parent=17"}],"curies":[{"name":"wp","href":"https:\/\/api.w.org\/{rel}","templated":true}]}}