{"id":21,"date":"2021-12-15T11:57:23","date_gmt":"2021-12-15T11:57:23","guid":{"rendered":"https:\/\/rezervasyon.lordmarina.com\/?page_id=21"},"modified":"2024-10-18T10:51:08","modified_gmt":"2024-10-18T07:51:08","slug":"kullanici-sozlesmesi","status":"publish","type":"page","link":"https:\/\/reservation.eftaliahotels.com\/ru\/kullanici-sozlesmesi\/","title":{"rendered":"\u041f\u041e\u041b\u042c\u0417\u041e\u0412\u0410\u0422\u0415\u041b\u042c\u0421\u041a\u041e\u0415 \u0421\u041e\u0413\u041b\u0410\u0428\u0415\u041d\u0418\u0415"},"content":{"rendered":"<p>\u0130\u015fbu S\u00f6zle\u015fme i\u00e7eri\u011fi taraflarca siteye eri\u015fmek ve siteyi kullanmakla kabul edilmi\u015f say\u0131l\u0131r. Bu nedenle, kullan\u0131c\u0131, kullanmakla vermi\u015f oldu\u011fu bilgileri sisteme kay\u0131t edilmesine de muvafakat etmi\u015f kabul edilir. \u0130\u015fbu s\u00f6zle\u015fme h\u00fck\u00fcmlerinin kabul edilmemesi durumunda, kullan\u0131c\u0131 siteye eri\u015fmeyebilir, kullan\u0131m\u0131 derhal durdurabilir veya siteyi kullanmayabilir. Siteyi kullanan kullan\u0131c\u0131, 18 ya\u015f\u0131nda oldu\u011funu kabul, beyan ve taahh\u00fct eder. Aksi takdirde do\u011fabilecek uyu\u015fmazl\u0131klarda kullan\u0131c\u0131 tek ba\u015f\u0131na yasal sorumludur.<\/p>\n<p><\/p>\n<p>Kullan\u0131c\u0131 web hizmeti al\u0131rken, ilgili Kanunlara, s\u00f6zle\u015fmeye, bildirimlere uymak, hizmet hesab\u0131n\u0131z\u0131n parolas\u0131n\u0131 gizli tutmak ve hizmete ili\u015fkin bir g\u00fcvenlik ihlalini fark etti\u011finde derhal Eftalia Hotellerine bildirmekle y\u00fck\u00fcml\u00fcd\u00fcr.<\/p>\n<p><\/p>\n<p>\u0130\u015fbu s\u00f6zle\u015fme ile\u00a0<b>AYTUR TUR\u0130ZM T\u0130CARET LTD.\u015eT\u0130<\/b>\u2019nin ve b\u00fcnyesindeki markalar\u0131n sahip oldu\u011fu eftaliapos adl\u0131 internet sitesinden \u00fcyenin faydalanma \u015fartlar\u0131n\u0131n belirlenmesidir. Bu s\u00f6zle\u015fme, s\u00f6zle\u015fmenin ge\u00e7erli oldu\u011fu s\u00fcre boyunca \u00fcyenin kulland\u0131\u011f\u0131 g\u00fcncelle\u015ftirmeler de d\u00e2hil her t\u00fcrl\u00fc tatil, tur, u\u00e7ak bileti, transfer hizmetleri ve di\u011fer sunulacak hizmetlere uygulanacakt\u0131r. Kullan\u0131c\u0131, bu site kapsam\u0131nda ald\u0131\u011f\u0131 \u00fcr\u00fcn veya hizmetleri 3 Ki\u015filere satamaz veya kulland\u0131ramaz.\u00a0<b>www.reservation.eftaliahotels.com<\/b>\u00a0web sitesinde mevcut olan bilgilerin do\u011fruluk ve g\u00fcncelli\u011fi s\u00fcrekli \u015fekilde kontrol edilmektedir. Ancak, web sitesindeki bilgiler fiili de\u011fi\u015fikliklerin gerisinde kalabilir ve bu sebeple ilgili hizmetin g\u00fcncel durumu ile sitede yer alan durumu aras\u0131nda farkl\u0131l\u0131k olabilir.<\/p>\n<p><\/p>\n<p><b>www.reservation.eftaliahotels.com<\/b>\u00a0taraf\u0131ndan, web sitesindeki bilgilerin, g\u00fcncelli\u011fi, do\u011frulu\u011fu, \u015fartlar\u0131, kalitesi, performans\u0131, pazarlanabilirli\u011fi, belli bir amaca uygunlu\u011fu, taml\u0131\u011f\u0131, bunlarla ba\u011flant\u0131l\u0131 veya ba\u011f\u0131ms\u0131z di\u011fer bilgi, hizmet veya \u00fcr\u00fcnlere etkisi hakk\u0131nda herhangi bir sarih ya da z\u0131mni garanti verilmemekte ve taahh\u00fctte bulunulmamaktad\u0131r.\u00a0<b>www.reservation.eftaliahotels.com<\/b>\u00a0web sitesi i\u00e7eri\u011finde her t\u00fcrl\u00fc de\u011fi\u015fiklik ve yenili\u011fi istedi\u011fi anda yapabilir. Bu de\u011fi\u015fikliklerden dolay\u0131 do\u011fabilecek hi\u00e7bir rezervasyon, sat\u0131\u015f veya bilgi hatas\u0131ndan dolay\u0131\u00a0<b>www.reservation.eftaliahotels.com<\/b>\u2019a sorumluluk y\u00fcklenemez.<\/p>\n<p><\/p>\n<p><b>www.reservation.eftaliahotels.com<\/b>\u00a0i\u015fbu web sitesi ve site uzant\u0131s\u0131nda mevcut her t\u00fcr hizmet, \u00fcr\u00fcn, siteyi kullanma ko\u015fullar\u0131 ile sitede sunulan bilgileri \u00f6nceden bir ihtara gerek olmaks\u0131z\u0131n de\u011fi\u015ftirme, siteyi yeniden organize etme, yay\u0131n\u0131 durdurma hakk\u0131n\u0131 sakl\u0131 tutar. De\u011fi\u015fiklikler sitede yay\u0131m an\u0131nda y\u00fcr\u00fcrl\u00fc\u011fe girer ve sitenin kullan\u0131m\u0131 ya da siteye giri\u015f ile bu de\u011fi\u015fiklikler de kabul edilmi\u015f say\u0131l\u0131r. Bu ko\u015fullar link verilen di\u011fer web sayfalar\u0131 i\u00e7in de ge\u00e7erlidir. Bu de\u011fi\u015fikliklerden dolay\u0131 do\u011fabilecek hi\u00e7bir rezervasyon, sat\u0131\u015f veya bilgi hatas\u0131ndan dolay\u0131\u00a0<b>www.reservation.eftaliahotels.com<\/b>\u00a0web sitesi ve Eftalia Hotellerine sorumluluk y\u00fcklenemez.<\/p>\n<p><\/p>\n<p><b>www.reservation.eftaliahotels.com<\/b>\u00a0web sitesi \u00fczerinden direkt ya da dolayl\u0131 yoldan di\u011fer sitelere ba\u011flant\u0131 (link) verilebilir.\u00a0<b>www.reservation.eftaliahotels.com<\/b>\u00a0link verilen sayfalardaki bilgilerin do\u011frulu\u011funu garanti etmemekte ve bilgilerle ilgili herhangi bir taahh\u00fctte, tavsiyede bulunmamaktad\u0131r. Bu siteleri kullan\u0131mla do\u011fabilecek zararlar \u00fcyenin kendi sorumlulu\u011fundad\u0131r.\u00a0<b>www.reservation.eftaliahotels.com<\/b>\u00a0bu t\u00fcr link verilen sayfalara eri\u015fimi, kendi yaz\u0131l\u0131 muvafakatine ba\u011flayabilece\u011fi gibi,\u00a0<b>www.reservation.eftaliahotels.com<\/b>, uygun g\u00f6rmeyece\u011fi linklere eri\u015fimi her zaman kesebilir.<\/p>\n<p><\/p>\n<p><b>www.reservation.eftaliahotels.com<\/b>\u00a0\u00fczerinden yap\u0131lan her t\u00fcrl\u00fc hizmet i\u015flemlerinde rezervasyon kurallar\u0131 kabul edilmi\u015f say\u0131l\u0131r. T\u00fcm iptal ve de\u011fi\u015fiklikler, kullan\u0131c\u0131lar\u0131n rezervasyon s\u0131ras\u0131nda kabul edilen ve s\u00f6zle\u015fmede yer alan hizmet s\u00f6zle\u015fmesi \u00e7er\u00e7evesinde yap\u0131l\u0131r. Bu s\u00f6zle\u015fme elektronik olarak imzalanmaktad\u0131r.\u00a0<b>www.reservation.eftaliahotels.com<\/b>, kullan\u0131c\u0131ya hizmetle ilgili taahh\u00fct etti\u011fi bilgileri g\u00f6nderme hakk\u0131 vard\u0131r. Kullan\u0131c\u0131ya e-posta yoluyla g\u00f6nderilen bildirimlerin, e-postan\u0131n iletim tarihinde teslim edildi\u011fi ve al\u0131nd\u0131\u011f\u0131 varsay\u0131l\u0131r. Bu bilgiler; Kullan\u0131c\u0131lar\u0131n hizmete kaydoldu\u011funda belirtti\u011fi e-posta adresine e-posta ile, Bilgi mevcut oldu\u011funda kullan\u0131c\u0131ya g\u00f6nderilen e-posta bildiriminde belirtilecek olan bir web sitesine eri\u015fim sureti ile, Bu ama\u00e7 i\u00e7in genel olarak \u00f6nceden belirlenmi\u015f bir web sitesine eri\u015fim sureti ile, g\u00f6nderilebilir.<\/p>\n<p><\/p>\n<p>\u0130\u015fbu s\u00f6zle\u015fmeye ili\u015fkin ihtilaflarda Antalya Mahkemeleri ve \u0130cra Daireleri yetkilidir.<\/p>\n","protected":false},"excerpt":{"rendered":"<p>\u0130\u015fbu S\u00f6zle\u015fme i\u00e7eri\u011fi taraflarca siteye eri\u015fmek ve siteyi kullanmakla kabul edilmi\u015f say\u0131l\u0131r. Bu nedenle, kullan\u0131c\u0131, kullanmakla vermi\u015f oldu\u011fu bilgileri sisteme kay\u0131t edilmesine de muvafakat etmi\u015f kabul edilir. \u0130\u015fbu s\u00f6zle\u015fme h\u00fck\u00fcmlerinin kabul edilmemesi durumunda, kullan\u0131c\u0131 siteye eri\u015fmeyebilir, kullan\u0131m\u0131 derhal durdurabilir veya siteyi kullanmayabilir. Siteyi kullanan kullan\u0131c\u0131, 18 ya\u015f\u0131nda oldu\u011funu kabul, beyan ve taahh\u00fct eder. Aksi takdirde [&hellip;]<\/p>\n","protected":false},"author":1,"featured_media":0,"parent":0,"menu_order":0,"comment_status":"closed","ping_status":"closed","template":"","meta":{"footnotes":""},"class_list":["post-21","page","type-page","status-publish","hentry"],"_links":{"self":[{"href":"https:\/\/reservation.eftaliahotels.com\/ru\/wp-json\/wp\/v2\/pages\/21","targetHints":{"allow":["GET"]}}],"collection":[{"href":"https:\/\/reservation.eftaliahotels.com\/ru\/wp-json\/wp\/v2\/pages"}],"about":[{"href":"https:\/\/reservation.eftaliahotels.com\/ru\/wp-json\/wp\/v2\/types\/page"}],"author":[{"embeddable":true,"href":"https:\/\/reservation.eftaliahotels.com\/ru\/wp-json\/wp\/v2\/users\/1"}],"replies":[{"embeddable":true,"href":"https:\/\/reservation.eftaliahotels.com\/ru\/wp-json\/wp\/v2\/comments?post=21"}],"version-history":[{"count":3,"href":"https:\/\/reservation.eftaliahotels.com\/ru\/wp-json\/wp\/v2\/pages\/21\/revisions"}],"predecessor-version":[{"id":139,"href":"https:\/\/reservation.eftaliahotels.com\/ru\/wp-json\/wp\/v2\/pages\/21\/revisions\/139"}],"wp:attachment":[{"href":"https:\/\/reservation.eftaliahotels.com\/ru\/wp-json\/wp\/v2\/media?parent=21"}],"curies":[{"name":"wp","href":"https:\/\/api.w.org\/{rel}","templated":true}]}}